{"id":724,"date":"2020-09-23T06:39:12","date_gmt":"2020-09-23T06:39:12","guid":{"rendered":"http:\/\/www.codibio.com.mx\/2020\/?page_id=724"},"modified":"2022-08-10T11:24:08","modified_gmt":"2022-08-10T16:24:08","slug":"concurso-de-fotografia","status":"publish","type":"page","link":"https:\/\/www.codibio.com.mx\/2020\/concurso-de-fotografia\/","title":{"rendered":"Concurso de Fotograf\u00eda"},"content":{"rendered":"\t\t<div data-elementor-type=\"wp-page\" data-elementor-id=\"724\" class=\"elementor elementor-724\" data-elementor-settings=\"[]\">\n\t\t\t<div class=\"elementor-inner\">\n\t\t\t\t<div class=\"elementor-section-wrap\">\n\t\t\t\t\t\t\t<section class=\"elementor-element elementor-element-1e9f334 elementor-section-boxed elementor-section-height-default elementor-section-height-default elementor-section elementor-top-section\" data-id=\"1e9f334\" data-element_type=\"section\">\n\t\t\t\t\t\t<div class=\"elementor-container elementor-column-gap-default\">\n\t\t\t\t<div class=\"elementor-row\">\n\t\t\t\t<div class=\"elementor-element elementor-element-be73655 elementor-column elementor-col-100 elementor-top-column\" data-id=\"be73655\" data-element_type=\"column\">\n\t\t\t<div class=\"elementor-column-wrap\">\n\t\t\t\t\t<div class=\"elementor-widget-wrap\">\n\t\t\t\t\t\t<\/div>\n\t\t\t<\/div>\n\t\t<\/div>\n\t\t\t\t\t\t<\/div>\n\t\t\t<\/div>\n\t\t<\/section>\n\t\t\t\t<section class=\"elementor-element elementor-element-6c2e376 elementor-section-boxed elementor-section-height-default elementor-section-height-default elementor-section elementor-top-section\" data-id=\"6c2e376\" data-element_type=\"section\">\n\t\t\t\t\t\t<div class=\"elementor-container elementor-column-gap-default\">\n\t\t\t\t<div class=\"elementor-row\">\n\t\t\t\t<div class=\"elementor-element elementor-element-346ae67 elementor-column elementor-col-50 elementor-top-column\" data-id=\"346ae67\" data-element_type=\"column\">\n\t\t\t<div class=\"elementor-column-wrap  elementor-element-populated\">\n\t\t\t\t\t<div class=\"elementor-widget-wrap\">\n\t\t\t\t<div class=\"elementor-element elementor-element-b70bef8 elementor-align-center elementor-widget elementor-widget-button\" data-id=\"b70bef8\" data-element_type=\"widget\" data-widget_type=\"button.default\">\n\t\t\t\t<div class=\"elementor-widget-container\">\n\t\t\t\t\t<div class=\"elementor-button-wrapper\">\n\t\t\t<a href=\"https:\/\/forms.gle\/8S8dZqvK5MGzMhnh6\" target=\"_blank\" class=\"elementor-button-link elementor-button elementor-size-lg\" role=\"button\">\n\t\t\t\t\t\t<span class=\"elementor-button-content-wrapper\">\n\t\t\t\t\t\t<span class=\"elementor-button-icon elementor-align-icon-left\">\n\t\t\t\t<i aria-hidden=\"true\" class=\"fas fa-pencil-alt\"><\/i>\t\t\t<\/span>\n\t\t\t\t\t\t<span class=\"elementor-button-text\">Reg\u00edstrate   al    concurso    <\/span>\n\t\t<\/span>\n\t\t\t\t\t<\/a>\n\t\t<\/div>\n\t\t\t\t<\/div>\n\t\t\t\t<\/div>\n\t\t\t\t\t\t<\/div>\n\t\t\t<\/div>\n\t\t<\/div>\n\t\t\t\t<div class=\"elementor-element elementor-element-70b4cc5 elementor-column elementor-col-50 elementor-top-column\" data-id=\"70b4cc5\" data-element_type=\"column\">\n\t\t\t<div class=\"elementor-column-wrap  elementor-element-populated\">\n\t\t\t\t\t<div class=\"elementor-widget-wrap\">\n\t\t\t\t<div class=\"elementor-element elementor-element-dcd97d0 elementor-align-center elementor-widget elementor-widget-button\" data-id=\"dcd97d0\" data-element_type=\"widget\" data-widget_type=\"button.default\">\n\t\t\t\t<div class=\"elementor-widget-container\">\n\t\t\t\t\t<div class=\"elementor-button-wrapper\">\n\t\t\t<a href=\"https:\/\/www.codibio.com.mx\/2020\/wp-content\/uploads\/2022\/08\/Convocatoria-Segundo-Concurso-Universitario-de-Fotografi\u0301a.pdf\" target=\"_blank\" class=\"elementor-button-link elementor-button elementor-size-lg\" role=\"button\">\n\t\t\t\t\t\t<span class=\"elementor-button-content-wrapper\">\n\t\t\t\t\t\t<span class=\"elementor-button-icon elementor-align-icon-left\">\n\t\t\t\t<i aria-hidden=\"true\" class=\"far fa-file-pdf\"><\/i>\t\t\t<\/span>\n\t\t\t\t\t\t<span class=\"elementor-button-text\">Descarga la convocatoria en PDF<\/span>\n\t\t<\/span>\n\t\t\t\t\t<\/a>\n\t\t<\/div>\n\t\t\t\t<\/div>\n\t\t\t\t<\/div>\n\t\t\t\t\t\t<\/div>\n\t\t\t<\/div>\n\t\t<\/div>\n\t\t\t\t\t\t<\/div>\n\t\t\t<\/div>\n\t\t<\/section>\n\t\t\t\t<section class=\"elementor-element elementor-element-804b8fd elementor-section-boxed elementor-section-height-default elementor-section-height-default elementor-section elementor-top-section\" data-id=\"804b8fd\" data-element_type=\"section\">\n\t\t\t\t\t\t<div class=\"elementor-container elementor-column-gap-default\">\n\t\t\t\t<div class=\"elementor-row\">\n\t\t\t\t<div class=\"elementor-element elementor-element-c33218e elementor-column elementor-col-100 elementor-top-column\" data-id=\"c33218e\" data-element_type=\"column\">\n\t\t\t<div class=\"elementor-column-wrap  elementor-element-populated\">\n\t\t\t\t\t<div class=\"elementor-widget-wrap\">\n\t\t\t\t<div class=\"elementor-element elementor-element-f30b4a4 elementor-widget elementor-widget-image\" data-id=\"f30b4a4\" data-element_type=\"widget\" data-widget_type=\"image.default\">\n\t\t\t\t<div class=\"elementor-widget-container\">\n\t\t\t\t\t<div class=\"elementor-image\">\n\t\t\t\t\t\t\t\t\t\t<img width=\"2000\" height=\"1000\" src=\"https:\/\/www.codibio.com.mx\/2020\/wp-content\/uploads\/2022\/07\/2docoNC.jpg\" class=\"attachment-full size-full\" alt=\"\" loading=\"lazy\" srcset=\"https:\/\/www.codibio.com.mx\/2020\/wp-content\/uploads\/2022\/07\/2docoNC.jpg 2000w, https:\/\/www.codibio.com.mx\/2020\/wp-content\/uploads\/2022\/07\/2docoNC-300x150.jpg 300w, https:\/\/www.codibio.com.mx\/2020\/wp-content\/uploads\/2022\/07\/2docoNC-1024x512.jpg 1024w, https:\/\/www.codibio.com.mx\/2020\/wp-content\/uploads\/2022\/07\/2docoNC-768x384.jpg 768w, https:\/\/www.codibio.com.mx\/2020\/wp-content\/uploads\/2022\/07\/2docoNC-1536x768.jpg 1536w, https:\/\/www.codibio.com.mx\/2020\/wp-content\/uploads\/2022\/07\/2docoNC-600x300.jpg 600w\" sizes=\"(max-width: 2000px) 100vw, 2000px\" \/>\t\t\t\t\t\t\t\t\t\t\t<\/div>\n\t\t\t\t<\/div>\n\t\t\t\t<\/div>\n\t\t\t\t<div class=\"elementor-element elementor-element-10b039c elementor-widget elementor-widget-text-editor\" data-id=\"10b039c\" data-element_type=\"widget\" data-widget_type=\"text-editor.default\">\n\t\t\t\t<div class=\"elementor-widget-container\">\n\t\t\t\t\t<div class=\"elementor-text-editor elementor-clearfix\"><p style=\"text-align: justify;\">Dentro del marco del V Congreso Internacional de Diversidad Biol\u00f3gica: Biodiversidad en tiempos de crisis, la Facultad de Ciencias Biol\u00f3gicas de la Universidad Ju\u00e1rez del Estado de Durango y el Consejo de Ciencia y Tecnolog\u00eda del Estado de Durango, convocan al\u00a0\u201cSegundo Concurso Universitario de Fotograf\u00eda: Biodiversidad Mexicana\u201d<\/p><p style=\"text-align: justify;\">La fotograf\u00eda es una herramienta poderosa para transmitir ideas, expresar experiencias y generar cambios de conciencia. Esta disciplina como ciencia y arte ha contribuido ampliamente con la divulgaci\u00f3n de la ciencia y ha complementado la formaci\u00f3n integral del ser humano. Dada su relevancia en el \u00e1mbito de la ciencia y la biolog\u00eda, la Facultad de Ciencias Biol\u00f3gicas busca promover el inter\u00e9s de los j\u00f3venes universitarios hacia el conocimiento de la biodiversidad del pa\u00eds, as\u00ed como reconocer y difundir su importancia para la sociedad a trav\u00e9s de una perspectiva art\u00edstica. Por lo que, mediante este Concurso Universitario de Fotograf\u00eda, se pretende promover valores y cambios de conciencia a favor de las ciencias biol\u00f3gicas y las artes visuales, y con ello, contribuir con el conocimiento y cuidado de los recursos naturales de los que dependemos como sociedad.<\/p><p>\u00a0<\/p><\/div>\n\t\t\t\t<\/div>\n\t\t\t\t<\/div>\n\t\t\t\t\t\t<\/div>\n\t\t\t<\/div>\n\t\t<\/div>\n\t\t\t\t\t\t<\/div>\n\t\t\t<\/div>\n\t\t<\/section>\n\t\t\t\t<section class=\"elementor-element elementor-element-484a2cb elementor-section-boxed elementor-section-height-default elementor-section-height-default elementor-section elementor-top-section\" data-id=\"484a2cb\" data-element_type=\"section\">\n\t\t\t\t\t\t<div class=\"elementor-container elementor-column-gap-default\">\n\t\t\t\t<div class=\"elementor-row\">\n\t\t\t\t<div class=\"elementor-element elementor-element-fb05e92 elementor-column elementor-col-100 elementor-top-column\" data-id=\"fb05e92\" data-element_type=\"column\">\n\t\t\t<div class=\"elementor-column-wrap\">\n\t\t\t\t\t<div class=\"elementor-widget-wrap\">\n\t\t\t\t\t\t<\/div>\n\t\t\t<\/div>\n\t\t<\/div>\n\t\t\t\t\t\t<\/div>\n\t\t\t<\/div>\n\t\t<\/section>\n\t\t\t\t\t\t<\/div>\n\t\t\t<\/div>\n\t\t<\/div>\n\t\t","protected":false},"excerpt":{"rendered":"<p>Reg\u00edstrate al concurso Descarga la convocatoria en PDF Dentro del marco del V Congreso Internacional de Diversidad Biol\u00f3gica: Biodiversidad en tiempos de crisis, la Facultad de Ciencias Biol\u00f3gicas de la Universidad Ju\u00e1rez del Estado de Durango y el Consejo de Ciencia y Tecnolog\u00eda del Estado de Durango, convocan al\u00a0\u201cSegundo Concurso&hellip;<\/p>\n","protected":false},"author":1,"featured_media":0,"parent":0,"menu_order":0,"comment_status":"closed","ping_status":"closed","template":"elementor_header_footer","meta":{"spay_email":""},"_links":{"self":[{"href":"https:\/\/www.codibio.com.mx\/2020\/wp-json\/wp\/v2\/pages\/724"}],"collection":[{"href":"https:\/\/www.codibio.com.mx\/2020\/wp-json\/wp\/v2\/pages"}],"about":[{"href":"https:\/\/www.codibio.com.mx\/2020\/wp-json\/wp\/v2\/types\/page"}],"author":[{"embeddable":true,"href":"https:\/\/www.codibio.com.mx\/2020\/wp-json\/wp\/v2\/users\/1"}],"replies":[{"embeddable":true,"href":"https:\/\/www.codibio.com.mx\/2020\/wp-json\/wp\/v2\/comments?post=724"}],"version-history":[{"count":30,"href":"https:\/\/www.codibio.com.mx\/2020\/wp-json\/wp\/v2\/pages\/724\/revisions"}],"predecessor-version":[{"id":1921,"href":"https:\/\/www.codibio.com.mx\/2020\/wp-json\/wp\/v2\/pages\/724\/revisions\/1921"}],"wp:attachment":[{"href":"https:\/\/www.codibio.com.mx\/2020\/wp-json\/wp\/v2\/media?parent=724"}],"curies":[{"name":"wp","href":"https:\/\/api.w.org\/{rel}","templated":true}]}}