{"id":594,"date":"2020-08-20T01:44:45","date_gmt":"2020-08-20T01:44:45","guid":{"rendered":"http:\/\/www.codibio.com.mx\/2020\/?page_id=594"},"modified":"2020-08-24T16:28:40","modified_gmt":"2020-08-24T16:28:40","slug":"elementor-594","status":"publish","type":"page","link":"https:\/\/www.codibio.com.mx\/2020\/elementor-594\/","title":{"rendered":"Dra. Valeria Souza"},"content":{"rendered":"\t\t<div data-elementor-type=\"wp-page\" data-elementor-id=\"594\" class=\"elementor elementor-594\" data-elementor-settings=\"[]\">\n\t\t\t<div class=\"elementor-inner\">\n\t\t\t\t<div class=\"elementor-section-wrap\">\n\t\t\t\t\t\t\t<section class=\"elementor-element elementor-element-f7aad4e elementor-section-boxed elementor-section-height-default elementor-section-height-default elementor-section elementor-top-section\" data-id=\"f7aad4e\" data-element_type=\"section\">\n\t\t\t\t\t\t<div class=\"elementor-container elementor-column-gap-default\">\n\t\t\t\t<div class=\"elementor-row\">\n\t\t\t\t<div class=\"elementor-element elementor-element-db151fe elementor-column elementor-col-100 elementor-top-column\" data-id=\"db151fe\" data-element_type=\"column\">\n\t\t\t<div class=\"elementor-column-wrap\">\n\t\t\t\t\t<div class=\"elementor-widget-wrap\">\n\t\t\t\t\t\t<\/div>\n\t\t\t<\/div>\n\t\t<\/div>\n\t\t\t\t\t\t<\/div>\n\t\t\t<\/div>\n\t\t<\/section>\n\t\t\t\t<section class=\"elementor-element elementor-element-c549eab elementor-section-boxed elementor-section-height-default elementor-section-height-default elementor-section elementor-top-section\" data-id=\"c549eab\" data-element_type=\"section\">\n\t\t\t\t\t\t<div class=\"elementor-container elementor-column-gap-default\">\n\t\t\t\t<div class=\"elementor-row\">\n\t\t\t\t<div class=\"elementor-element elementor-element-0277146 elementor-column elementor-col-100 elementor-top-column\" data-id=\"0277146\" data-element_type=\"column\">\n\t\t\t<div class=\"elementor-column-wrap  elementor-element-populated\">\n\t\t\t\t\t<div class=\"elementor-widget-wrap\">\n\t\t\t\t<div class=\"elementor-element elementor-element-ce06ebc elementor-widget elementor-widget-heading\" data-id=\"ce06ebc\" data-element_type=\"widget\" data-widget_type=\"heading.default\">\n\t\t\t\t<div class=\"elementor-widget-container\">\n\t\t\t<h2 class=\"elementor-heading-title elementor-size-default\">Dra. Valeria Souza - Investigadora (Pride D - SNI III)<\/h2>\t\t<\/div>\n\t\t\t\t<\/div>\n\t\t\t\t<div class=\"elementor-element elementor-element-8268f72 elementor-widget elementor-widget-image\" data-id=\"8268f72\" data-element_type=\"widget\" data-widget_type=\"image.default\">\n\t\t\t\t<div class=\"elementor-widget-container\">\n\t\t\t\t\t<div class=\"elementor-image\">\n\t\t\t\t\t\t\t\t\t\t<img width=\"640\" height=\"360\" src=\"https:\/\/www.codibio.com.mx\/2020\/wp-content\/uploads\/2020\/08\/maxresdefault-1-1024x576.jpg\" class=\"attachment-large size-large\" alt=\"\" loading=\"lazy\" srcset=\"https:\/\/www.codibio.com.mx\/2020\/wp-content\/uploads\/2020\/08\/maxresdefault-1-1024x576.jpg 1024w, https:\/\/www.codibio.com.mx\/2020\/wp-content\/uploads\/2020\/08\/maxresdefault-1-300x169.jpg 300w, https:\/\/www.codibio.com.mx\/2020\/wp-content\/uploads\/2020\/08\/maxresdefault-1-768x432.jpg 768w, https:\/\/www.codibio.com.mx\/2020\/wp-content\/uploads\/2020\/08\/maxresdefault-1.jpg 1280w\" sizes=\"(max-width: 640px) 100vw, 640px\" \/>\t\t\t\t\t\t\t\t\t\t\t<\/div>\n\t\t\t\t<\/div>\n\t\t\t\t<\/div>\n\t\t\t\t<div class=\"elementor-element elementor-element-0b418f9 elementor-widget elementor-widget-text-editor\" data-id=\"0b418f9\" data-element_type=\"widget\" data-widget_type=\"text-editor.default\">\n\t\t\t\t<div class=\"elementor-widget-container\">\n\t\t\t\t\t<div class=\"elementor-text-editor elementor-clearfix\"><p style=\"text-align: justify;\">Dra. Valeria Francisca Eugenia Leopoldina de Mar\u00eda de Guadalupe Souza Saldivar. Naci\u00f3 en la ciudad de M\u00e9xico el 28 de abril, 1958, actualmente es Investigador Titular C; Universidad Nacional Aut\u00f3noma de M\u00e9xico, Instituto de Ecolog\u00eda donde trabaja desde 1993. Es Pride D y SNI nivel III.<\/p><p style=\"text-align: justify;\">Obtuvo la licenciatura como bi\u00f3loga (1983), la maestr\u00eda en ciencias (1985) y el doctorado en ecolog\u00eda (1990) en la Universidad Nacional Aut\u00f3noma de M\u00e9xico. tuvo 2 posdoctorados bajo la tutela del Dr. Richard Lenski, primero en Universidad de California en Irvine (1990-92), y despu\u00e9s en Michigan State University (1992-93).<\/p><p style=\"text-align: justify;\"><img loading=\"lazy\" class=\"size-medium wp-image-509 alignleft\" src=\"https:\/\/www.codibio.com.mx\/2020\/wp-content\/uploads\/2020\/08\/VSouz-300x225.jpg\" alt=\"\" width=\"300\" height=\"225\" srcset=\"https:\/\/www.codibio.com.mx\/2020\/wp-content\/uploads\/2020\/08\/VSouz-300x225.jpg 300w, https:\/\/www.codibio.com.mx\/2020\/wp-content\/uploads\/2020\/08\/VSouz.jpg 400w\" sizes=\"(max-width: 300px) 100vw, 300px\" \/><\/p><p style=\"text-align: justify;\">El \u00e1rea de trabajo de la Dra. Souza es la Ecolog\u00eda Evolutiva y la Evoluci\u00f3n Molecular de los Microorganismos y trabaja con la pregunta: \u00bfporqu\u00e9 hay tantas especies?. Es decir, cuales son los procesos evolutivos, fisiol\u00f3gicos y ecol\u00f3gicos que separan a los organismos que forman poblaciones hasta convertirlos en especies as\u00ed como entender como varias especies similares pueden coexistir en un sitio particular y saber que redes de interacciones forman.<\/p><p style=\"text-align: justify;\">A lo largo de su carrera cient\u00edfica hasta la fecha tiene 116 Art\u00edculos de investigaci\u00f3n publicados o en prensa en revistas arbitradas internacionales los cuales han acumulado m\u00e1s de 7000 citas. Ha producido 40 Cap\u00edtulos en libros, un libro coeditado y dos textos de biolog\u00eda para 5\u00ba de preparatoria programa UNAM. Springer est\u00e1 editando una colecci\u00f3n de 7 libros sobre la enorme diversidad de Cuatro Ci\u00e9negas, producto del proyecto \u201cinventario total del Churince\u201d, tambi\u00e9n tiene 16 Art\u00edculos en revistas nacionales, 76 Conferencias Internacionales por invitaci\u00f3n. Simult\u00e1neamente impartido alrededor de 60 cursos de 19 materias en UNAM. Sus distinciones incluyen una fellowship de la fundaci\u00f3n MacArthur, Premio Nacional de Conservaci\u00f3n, categor\u00eda investigaci\u00f3n otorgado por SEMARNAT, 2006, Premio VW por amor al planeta 2010 y el Aldo Leopold fellowship otorgado por el Instituto Woods de Stanford, CA, de la cual es ahora parte del \u201cboard of advisors\u201d as\u00ed como el premio al m\u00e9rito acad\u00e9mico \u201c\u00e1guila guerrera\u201d del Colegio de Bi\u00f3logos AC. en 2016. En abril 2019 se anunci\u00f3 que es miembro internacional honorario de la American Academy of Arts and Sciences, academia que fue fundada en 1780 por los fundadores de EUA, y acaba de recibir el \u201cenvironmental stewardship\u201d por la sociedad cient\u00edfica de estudios de agua dulce (SFS). Finalmente ha tenido numerosos alumnos recibidos bajo su direcci\u00f3n: 9 licenciatura, 7 Tesis de Maestr\u00eda y 15 de doctorado, 2 mas con tesis de maestr\u00eda en proceso y otros 2 realizando el trabajo de doctorado.<\/p><\/div>\n\t\t\t\t<\/div>\n\t\t\t\t<\/div>\n\t\t\t\t\t\t<\/div>\n\t\t\t<\/div>\n\t\t<\/div>\n\t\t\t\t\t\t<\/div>\n\t\t\t<\/div>\n\t\t<\/section>\n\t\t\t\t\t\t<\/div>\n\t\t\t<\/div>\n\t\t<\/div>\n\t\t","protected":false},"excerpt":{"rendered":"<p>Dra. Valeria Souza &#8211; Investigadora (Pride D &#8211; SNI III) Dra. Valeria Francisca Eugenia Leopoldina de Mar\u00eda de Guadalupe Souza Saldivar. Naci\u00f3 en la ciudad de M\u00e9xico el 28 de abril, 1958, actualmente es Investigador Titular C; Universidad Nacional Aut\u00f3noma de M\u00e9xico, Instituto de Ecolog\u00eda donde trabaja desde 1993. Es&hellip;<\/p>\n","protected":false},"author":1,"featured_media":0,"parent":0,"menu_order":0,"comment_status":"closed","ping_status":"closed","template":"","meta":{"spay_email":""},"_links":{"self":[{"href":"https:\/\/www.codibio.com.mx\/2020\/wp-json\/wp\/v2\/pages\/594"}],"collection":[{"href":"https:\/\/www.codibio.com.mx\/2020\/wp-json\/wp\/v2\/pages"}],"about":[{"href":"https:\/\/www.codibio.com.mx\/2020\/wp-json\/wp\/v2\/types\/page"}],"author":[{"embeddable":true,"href":"https:\/\/www.codibio.com.mx\/2020\/wp-json\/wp\/v2\/users\/1"}],"replies":[{"embeddable":true,"href":"https:\/\/www.codibio.com.mx\/2020\/wp-json\/wp\/v2\/comments?post=594"}],"version-history":[{"count":6,"href":"https:\/\/www.codibio.com.mx\/2020\/wp-json\/wp\/v2\/pages\/594\/revisions"}],"predecessor-version":[{"id":606,"href":"https:\/\/www.codibio.com.mx\/2020\/wp-json\/wp\/v2\/pages\/594\/revisions\/606"}],"wp:attachment":[{"href":"https:\/\/www.codibio.com.mx\/2020\/wp-json\/wp\/v2\/media?parent=594"}],"curies":[{"name":"wp","href":"https:\/\/api.w.org\/{rel}","templated":true}]}}