{"id":587,"date":"2020-08-20T00:54:30","date_gmt":"2020-08-20T00:54:30","guid":{"rendered":"http:\/\/www.codibio.com.mx\/2020\/?page_id=587"},"modified":"2024-07-16T12:58:22","modified_gmt":"2024-07-16T17:58:22","slug":"elementor-587","status":"publish","type":"page","link":"https:\/\/www.codibio.com.mx\/2020\/elementor-587\/","title":{"rendered":"REGISTRO CIDIBIO 2024"},"content":{"rendered":"\t\t<div data-elementor-type=\"wp-page\" data-elementor-id=\"587\" class=\"elementor elementor-587\" data-elementor-settings=\"[]\">\n\t\t\t<div class=\"elementor-inner\">\n\t\t\t\t<div class=\"elementor-section-wrap\">\n\t\t\t\t\t\t\t<section class=\"elementor-element elementor-element-cb297e6 elementor-section-boxed elementor-section-height-default elementor-section-height-default elementor-section elementor-top-section\" data-id=\"cb297e6\" data-element_type=\"section\">\n\t\t\t\t\t\t<div class=\"elementor-container elementor-column-gap-default\">\n\t\t\t\t<div class=\"elementor-row\">\n\t\t\t\t<div class=\"elementor-element elementor-element-2ad937e elementor-column elementor-col-100 elementor-top-column\" data-id=\"2ad937e\" data-element_type=\"column\">\n\t\t\t<div class=\"elementor-column-wrap  elementor-element-populated\">\n\t\t\t\t\t<div class=\"elementor-widget-wrap\">\n\t\t\t\t<div class=\"elementor-element elementor-element-1a22ccb elementor-widget elementor-widget-heading\" data-id=\"1a22ccb\" data-element_type=\"widget\" data-widget_type=\"heading.default\">\n\t\t\t\t<div class=\"elementor-widget-container\">\n\t\t\t<h2 class=\"elementor-heading-title elementor-size-default\">Cuotas de asistencia \/ ponencia<\/h2>\t\t<\/div>\n\t\t\t\t<\/div>\n\t\t\t\t<div class=\"elementor-element elementor-element-a9de552 elementor-widget elementor-widget-text-editor\" data-id=\"a9de552\" data-element_type=\"widget\" data-widget_type=\"text-editor.default\">\n\t\t\t\t<div class=\"elementor-widget-container\">\n\t\t\t\t\t<div class=\"elementor-text-editor elementor-clearfix\"><h2><span style=\"color: #339966;\"><strong>ASISTENTES<\/strong><\/span><\/h2>\n<table>\n<tbody>\n<tr>\n<td>\n<p><b>ASISTENTES NACIONALES&nbsp;<\/b><\/p>\n<\/td>\n<td>\n<p><b>Pago anticipado al 15 de Octubre<\/b><\/p>\n<\/td>\n<td>\n<p><b>Pago tard\u00edo al 20 de Noviembre<\/b><\/p>\n<\/td>\n<\/tr>\n<tr>\n<td>\n<p><span style=\"font-weight: 400;\">*Estudiante de licenciatura FCB<\/span><\/p>\n<\/td>\n<td>\n<p><span style=\"font-weight: 400;\">$500 pesos<\/span><\/p>\n<\/td>\n<td>\n<p><span style=\"font-weight: 400;\">$550 pesos<\/span><\/p>\n<\/td>\n<\/tr>\n<tr>\n<td>\n<p><span style=\"font-weight: 400;\">*Estudiante de posgrado FCB<\/span><\/p>\n<\/td>\n<td>\n<p><span style=\"font-weight: 400;\">$700 pesos<\/span><\/p>\n<\/td>\n<td>\n<p><span style=\"font-weight: 400;\">$800 pesos<\/span><\/p>\n<\/td>\n<\/tr>\n<tr>\n<td>\n<p><span style=\"font-weight: 400;\">Profesionistas egresados FCB<\/span><\/p>\n<\/td>\n<td>\n<p><span style=\"font-weight: 400;\">$900 pesos<\/span><\/p>\n<\/td>\n<td>\n<p><span style=\"font-weight: 400;\">$1,000 pesos<\/span><\/p>\n<\/td>\n<\/tr>\n<tr>\n<td>\n<p><span style=\"font-weight: 400;\">*Estudiante de licenciatura externo<\/span><\/p>\n<\/td>\n<td>\n<p><span style=\"font-weight: 400;\">$600 pesos<\/span><\/p>\n<\/td>\n<td>\n<p><span style=\"font-weight: 400;\">$650 pesos<\/span><\/p>\n<\/td>\n<\/tr>\n<tr>\n<td>\n<p><span style=\"font-weight: 400;\">*Estudiante de posgrado externo<\/span><\/p>\n<\/td>\n<td>\n<p><span style=\"font-weight: 400;\">$850 pesos<\/span><\/p>\n<\/td>\n<td>\n<p><span style=\"font-weight: 400;\">$950 pesos<\/span><\/p>\n<\/td>\n<\/tr>\n<tr>\n<td>\n<p><span style=\"font-weight: 400;\">Profesionistas externos<\/span><\/p>\n<\/td>\n<td>\n<p><span style=\"font-weight: 400;\">$1,000 pesos<\/span><\/p>\n<\/td>\n<td>\n<p><span style=\"font-weight: 400;\">$1,100 pesos<\/span><\/p>\n<\/td>\n<\/tr>\n<\/tbody>\n<\/table>\n<h2><span style=\"color: #ff0000;\"><strong>PONENTES<\/strong><\/span><\/h2>\n<table>\n<tbody>\n<tr>\n<td>\n<p><b>PONENTES NACIONALES<\/b><\/p>\n<\/td>\n<td>\n<p><b>Costo total<\/b><\/p>\n<\/td>\n<\/tr>\n<tr>\n<td>\n<p><span style=\"font-weight: 400;\">*Estudiante de licenciatura FCB<\/span><\/p>\n<\/td>\n<td>\n<p><span style=\"font-weight: 400;\">$550 pesos<\/span><\/p>\n<\/td>\n<\/tr>\n<tr>\n<td>\n<p><span style=\"font-weight: 400;\">*Estudiante de posgrado FCB<\/span><\/p>\n<\/td>\n<td>\n<p><span style=\"font-weight: 400;\">$800 pesos<\/span><\/p>\n<\/td>\n<\/tr>\n<tr>\n<td>\n<p><span style=\"font-weight: 400;\">Egresados FCB<\/span><\/p>\n<\/td>\n<td>\n<p><span style=\"font-weight: 400;\">$1,000 pesos<\/span><\/p>\n<\/td>\n<\/tr>\n<tr>\n<td>\n<p><span style=\"font-weight: 400;\">*Estudiante de licenciatura externo<\/span><\/p>\n<\/td>\n<td>\n<p><span style=\"font-weight: 400;\">$700 pesos<\/span><\/p>\n<\/td>\n<\/tr>\n<tr>\n<td>\n<p><span style=\"font-weight: 400;\">*Estudiante de posgrado externo<\/span><\/p>\n<\/td>\n<td>\n<p><span style=\"font-weight: 400;\">$1,000 pesos<\/span><\/p>\n<\/td>\n<\/tr>\n<tr>\n<td>\n<p><span style=\"font-weight: 400;\">Profesionistas externos<\/span><\/p>\n<\/td>\n<td>\n<p><span style=\"font-weight: 400;\">$1200 pesos<\/span><\/p>\n<\/td>\n<\/tr>\n<\/tbody>\n<\/table>\n<p><b>* Estudiantes deber\u00e1n enviar credencial vigente o constancia de su universidad o instituto que acredite su estatus como alumnos.<\/b><\/p><\/div>\n\t\t\t\t<\/div>\n\t\t\t\t<\/div>\n\t\t\t\t<div class=\"elementor-element elementor-element-f921f3f elementor-widget elementor-widget-heading\" data-id=\"f921f3f\" data-element_type=\"widget\" data-widget_type=\"heading.default\">\n\t\t\t\t<div class=\"elementor-widget-container\">\n\t\t\t<h2 class=\"elementor-heading-title elementor-size-default\">Haz tu pago en l\u00ednea v\u00eda PAYPAL<\/h2>\t\t<\/div>\n\t\t\t\t<\/div>\n\t\t\t\t\t\t<\/div>\n\t\t\t<\/div>\n\t\t<\/div>\n\t\t\t\t\t\t<\/div>\n\t\t\t<\/div>\n\t\t<\/section>\n\t\t\t\t<section class=\"elementor-element elementor-element-91d803a elementor-section-boxed elementor-section-height-default elementor-section-height-default elementor-section elementor-top-section\" data-id=\"91d803a\" data-element_type=\"section\">\n\t\t\t\t\t\t<div class=\"elementor-container elementor-column-gap-default\">\n\t\t\t\t<div class=\"elementor-row\">\n\t\t\t\t<div class=\"elementor-element elementor-element-e790355 elementor-column elementor-col-100 elementor-top-column\" data-id=\"e790355\" data-element_type=\"column\">\n\t\t\t<div class=\"elementor-column-wrap  elementor-element-populated\">\n\t\t\t\t\t<div class=\"elementor-widget-wrap\">\n\t\t\t\t<div class=\"elementor-element elementor-element-62e4660 elementor-align-center elementor-widget elementor-widget-button\" data-id=\"62e4660\" data-element_type=\"widget\" data-widget_type=\"button.default\">\n\t\t\t\t<div class=\"elementor-widget-container\">\n\t\t\t\t\t<div class=\"elementor-button-wrapper\">\n\t\t\t<a href=\"https:\/\/paypal.me\/fcbujed?country.x=MX&#038;locale.x=es_XC\" target=\"_blank\" class=\"elementor-button-link elementor-button elementor-size-xl\" role=\"button\">\n\t\t\t\t\t\t<span class=\"elementor-button-content-wrapper\">\n\t\t\t\t\t\t<span class=\"elementor-button-icon elementor-align-icon-left\">\n\t\t\t\t<i aria-hidden=\"true\" class=\"fab fa-paypal\"><\/i>\t\t\t<\/span>\n\t\t\t\t\t\t<span class=\"elementor-button-text\"> PAGO V\u00cdA PAY<\/span>\n\t\t<\/span>\n\t\t\t\t\t<\/a>\n\t\t<\/div>\n\t\t\t\t<\/div>\n\t\t\t\t<\/div>\n\t\t\t\t\t\t<\/div>\n\t\t\t<\/div>\n\t\t<\/div>\n\t\t\t\t\t\t<\/div>\n\t\t\t<\/div>\n\t\t<\/section>\n\t\t\t\t<section class=\"elementor-element elementor-element-8f83267 elementor-section-boxed elementor-section-height-default elementor-section-height-default elementor-section elementor-top-section\" data-id=\"8f83267\" data-element_type=\"section\">\n\t\t\t\t\t\t<div class=\"elementor-container elementor-column-gap-default\">\n\t\t\t\t<div class=\"elementor-row\">\n\t\t\t\t<div class=\"elementor-element elementor-element-c7c85df elementor-column elementor-col-100 elementor-top-column\" data-id=\"c7c85df\" data-element_type=\"column\">\n\t\t\t<div class=\"elementor-column-wrap  elementor-element-populated\">\n\t\t\t\t\t<div class=\"elementor-widget-wrap\">\n\t\t\t\t<div class=\"elementor-element elementor-element-2f4950c elementor-widget elementor-widget-text-editor\" data-id=\"2f4950c\" data-element_type=\"widget\" data-widget_type=\"text-editor.default\">\n\t\t\t\t<div class=\"elementor-widget-container\">\n\t\t\t\t\t<div class=\"elementor-text-editor elementor-clearfix\"><p style=\"text-align: center;\">Para pagar por PAY PAL, deber\u00e1s dar click en el bot\u00f3n de pago, ingresar con tu cuenta Paypal y escribir la cantidad seg\u00fan tu tipo de participaci\u00f3n, ya sea en pesos mexicanos (MX) o en d\u00f3lares americanos (USD). Agrega como referencia:\u00a0 <br \/>&#8221; CODIBIO 2022 + TIPO DE PARTICIPACI\u00d3N = (PONENTE \/ ASISTENTE) + tu nombre completo&#8221;\u00a0<br \/><strong><em>Conserva tu comprobante de pago y env\u00edalo como evidencia adjunto en el formulario de registro<\/em><\/strong>.<\/p><\/div>\n\t\t\t\t<\/div>\n\t\t\t\t<\/div>\n\t\t\t\t\t\t<\/div>\n\t\t\t<\/div>\n\t\t<\/div>\n\t\t\t\t\t\t<\/div>\n\t\t\t<\/div>\n\t\t<\/section>\n\t\t\t\t<section class=\"elementor-element elementor-element-c7c9f24 elementor-section-boxed elementor-section-height-default elementor-section-height-default elementor-section elementor-top-section\" data-id=\"c7c9f24\" data-element_type=\"section\">\n\t\t\t\t\t\t<div class=\"elementor-container elementor-column-gap-default\">\n\t\t\t\t<div class=\"elementor-row\">\n\t\t\t\t<div class=\"elementor-element elementor-element-dc8aa99 elementor-column elementor-col-100 elementor-top-column\" data-id=\"dc8aa99\" data-element_type=\"column\">\n\t\t\t<div class=\"elementor-column-wrap  elementor-element-populated\">\n\t\t\t\t\t<div class=\"elementor-widget-wrap\">\n\t\t\t\t<div class=\"elementor-element elementor-element-44d1ecb elementor-widget elementor-widget-heading\" data-id=\"44d1ecb\" data-element_type=\"widget\" data-widget_type=\"heading.default\">\n\t\t\t\t<div class=\"elementor-widget-container\">\n\t\t\t<h2 class=\"elementor-heading-title elementor-size-default\">Click en los iconos seg\u00fan tu registro de participaci\u00f3n<\/h2>\t\t<\/div>\n\t\t\t\t<\/div>\n\t\t\t\t\t\t<\/div>\n\t\t\t<\/div>\n\t\t<\/div>\n\t\t\t\t\t\t<\/div>\n\t\t\t<\/div>\n\t\t<\/section>\n\t\t\t\t<section class=\"elementor-element elementor-element-9e034c0 elementor-section-boxed elementor-section-height-default elementor-section-height-default elementor-section elementor-top-section\" data-id=\"9e034c0\" data-element_type=\"section\">\n\t\t\t\t\t\t<div class=\"elementor-container elementor-column-gap-default\">\n\t\t\t\t<div class=\"elementor-row\">\n\t\t\t\t<div class=\"elementor-element elementor-element-bda324c elementor-column elementor-col-100 elementor-top-column\" data-id=\"bda324c\" data-element_type=\"column\">\n\t\t\t<div class=\"elementor-column-wrap  elementor-element-populated\">\n\t\t\t\t\t<div class=\"elementor-widget-wrap\">\n\t\t\t\t<div class=\"elementor-element elementor-element-6821232 elementor-widget elementor-widget-text-editor\" data-id=\"6821232\" data-element_type=\"widget\" data-widget_type=\"text-editor.default\">\n\t\t\t\t<div class=\"elementor-widget-container\">\n\t\t\t\t\t<div class=\"elementor-text-editor elementor-clearfix\"><p style=\"text-align: center;\">Seleciona tu modalidad de participaci\u00f3n y despu\u00e9s de realizar tu pago, carga tu comprobante y llena el formulario.<br \/>En caso de ser ponente posterior a tu registro te llegar\u00e1n indicaciones para subir el documento con el participar\u00e1s (Resumen en extenso \/ cartel)<\/p><\/div>\n\t\t\t\t<\/div>\n\t\t\t\t<\/div>\n\t\t\t\t\t\t<\/div>\n\t\t\t<\/div>\n\t\t<\/div>\n\t\t\t\t\t\t<\/div>\n\t\t\t<\/div>\n\t\t<\/section>\n\t\t\t\t<section class=\"elementor-element elementor-element-cd3e3e8 elementor-section-boxed elementor-section-height-default elementor-section-height-default elementor-section elementor-top-section\" data-id=\"cd3e3e8\" data-element_type=\"section\">\n\t\t\t\t\t\t<div class=\"elementor-container elementor-column-gap-default\">\n\t\t\t\t<div class=\"elementor-row\">\n\t\t\t\t<div class=\"elementor-element elementor-element-2b18d55 elementor-column elementor-col-50 elementor-top-column\" data-id=\"2b18d55\" data-element_type=\"column\">\n\t\t\t<div class=\"elementor-column-wrap  elementor-element-populated\">\n\t\t\t\t\t<div class=\"elementor-widget-wrap\">\n\t\t\t\t<div class=\"elementor-element elementor-element-29d6f6d elementor-view-default elementor-position-top elementor-vertical-align-top elementor-widget elementor-widget-icon-box\" data-id=\"29d6f6d\" data-element_type=\"widget\" data-widget_type=\"icon-box.default\">\n\t\t\t\t<div class=\"elementor-widget-container\">\n\t\t\t\t\t<div class=\"elementor-icon-box-wrapper\">\n\t\t\t\t\t\t<div class=\"elementor-icon-box-icon\">\n\t\t\t\t<a class=\"elementor-icon elementor-animation-\" href=\"https:\/\/forms.gle\/cPXRZ6eMTXKsKgbm7\">\n\t\t\t\t<i aria-hidden=\"true\" class=\"fas fa-user-tie\"><\/i>\t\t\t\t<\/a>\n\t\t\t<\/div>\n\t\t\t\t\t\t<div class=\"elementor-icon-box-content\">\n\t\t\t\t<h3 class=\"elementor-icon-box-title\">\n\t\t\t\t\t<a href=\"https:\/\/forms.gle\/cPXRZ6eMTXKsKgbm7\">Registro como Ponente<\/a>\n\t\t\t\t<\/h3>\n\t\t\t\t\t\t\t<\/div>\n\t\t<\/div>\n\t\t\t\t<\/div>\n\t\t\t\t<\/div>\n\t\t\t\t\t\t<\/div>\n\t\t\t<\/div>\n\t\t<\/div>\n\t\t\t\t<div class=\"elementor-element elementor-element-696fcf1 elementor-column elementor-col-50 elementor-top-column\" data-id=\"696fcf1\" data-element_type=\"column\">\n\t\t\t<div class=\"elementor-column-wrap  elementor-element-populated\">\n\t\t\t\t\t<div class=\"elementor-widget-wrap\">\n\t\t\t\t<div class=\"elementor-element elementor-element-10a94ab elementor-view-default elementor-position-top elementor-vertical-align-top elementor-widget elementor-widget-icon-box\" data-id=\"10a94ab\" data-element_type=\"widget\" data-widget_type=\"icon-box.default\">\n\t\t\t\t<div class=\"elementor-widget-container\">\n\t\t\t\t\t<div class=\"elementor-icon-box-wrapper\">\n\t\t\t\t\t\t<div class=\"elementor-icon-box-icon\">\n\t\t\t\t<a class=\"elementor-icon elementor-animation-\" href=\"https:\/\/forms.gle\/Si4NH4fmGCvTrPnV9\">\n\t\t\t\t<i aria-hidden=\"true\" class=\"fas fa-user-check\"><\/i>\t\t\t\t<\/a>\n\t\t\t<\/div>\n\t\t\t\t\t\t<div class=\"elementor-icon-box-content\">\n\t\t\t\t<h3 class=\"elementor-icon-box-title\">\n\t\t\t\t\t<a href=\"https:\/\/forms.gle\/Si4NH4fmGCvTrPnV9\">Registro como Asistente<\/a>\n\t\t\t\t<\/h3>\n\t\t\t\t\t\t\t<\/div>\n\t\t<\/div>\n\t\t\t\t<\/div>\n\t\t\t\t<\/div>\n\t\t\t\t\t\t<\/div>\n\t\t\t<\/div>\n\t\t<\/div>\n\t\t\t\t\t\t<\/div>\n\t\t\t<\/div>\n\t\t<\/section>\n\t\t\t\t<section class=\"elementor-element elementor-element-1a103f0 elementor-section-boxed elementor-section-height-default elementor-section-height-default elementor-section elementor-top-section\" data-id=\"1a103f0\" data-element_type=\"section\">\n\t\t\t\t\t\t<div class=\"elementor-container elementor-column-gap-default\">\n\t\t\t\t<div class=\"elementor-row\">\n\t\t\t\t<div class=\"elementor-element elementor-element-5e3429d elementor-column elementor-col-100 elementor-top-column\" data-id=\"5e3429d\" data-element_type=\"column\">\n\t\t\t<div class=\"elementor-column-wrap\">\n\t\t\t\t\t<div class=\"elementor-widget-wrap\">\n\t\t\t\t\t\t<\/div>\n\t\t\t<\/div>\n\t\t<\/div>\n\t\t\t\t\t\t<\/div>\n\t\t\t<\/div>\n\t\t<\/section>\n\t\t\t\t\t\t<\/div>\n\t\t\t<\/div>\n\t\t<\/div>\n\t\t","protected":false},"excerpt":{"rendered":"<p>Cuotas de asistencia \/ ponencia ASISTENTES ASISTENTES NACIONALES&nbsp; Pago anticipado al 15 de Octubre Pago tard\u00edo al 20 de Noviembre *Estudiante de licenciatura FCB $500 pesos $550 pesos *Estudiante de posgrado FCB $700 pesos $800 pesos Profesionistas egresados FCB $900 pesos $1,000 pesos *Estudiante de licenciatura externo $600 pesos $650&hellip;<\/p>\n","protected":false},"author":1,"featured_media":0,"parent":0,"menu_order":0,"comment_status":"closed","ping_status":"closed","template":"elementor_header_footer","meta":{"spay_email":""},"_links":{"self":[{"href":"https:\/\/www.codibio.com.mx\/2020\/wp-json\/wp\/v2\/pages\/587"}],"collection":[{"href":"https:\/\/www.codibio.com.mx\/2020\/wp-json\/wp\/v2\/pages"}],"about":[{"href":"https:\/\/www.codibio.com.mx\/2020\/wp-json\/wp\/v2\/types\/page"}],"author":[{"embeddable":true,"href":"https:\/\/www.codibio.com.mx\/2020\/wp-json\/wp\/v2\/users\/1"}],"replies":[{"embeddable":true,"href":"https:\/\/www.codibio.com.mx\/2020\/wp-json\/wp\/v2\/comments?post=587"}],"version-history":[{"count":18,"href":"https:\/\/www.codibio.com.mx\/2020\/wp-json\/wp\/v2\/pages\/587\/revisions"}],"predecessor-version":[{"id":2229,"href":"https:\/\/www.codibio.com.mx\/2020\/wp-json\/wp\/v2\/pages\/587\/revisions\/2229"}],"wp:attachment":[{"href":"https:\/\/www.codibio.com.mx\/2020\/wp-json\/wp\/v2\/media?parent=587"}],"curies":[{"name":"wp","href":"https:\/\/api.w.org\/{rel}","templated":true}]}}